{"id":675,"date":"2026-02-02T14:54:21","date_gmt":"2026-02-02T14:54:21","guid":{"rendered":"https:\/\/scsoy.esikatselu.site\/dataskyddsbeskrivning\/"},"modified":"2026-02-02T14:54:21","modified_gmt":"2026-02-02T14:54:21","slug":"dataskyddsbeskrivning","status":"publish","type":"page","link":"https:\/\/scsoy.esikatselu.site\/sv\/dataskyddsbeskrivning\/","title":{"rendered":"Dataskyddsbeskrivning"},"content":{"rendered":"<h2 class=\"p1\"><b>Dataskyddsbeskrivning<\/b><\/h2>\n<p class=\"p1\">I denna dataskyddsbeskrivning f\u00f6rklarar vi vilken typ av personuppgifter vi kan samla in om dig n\u00e4r du best\u00e4ller tj\u00e4nster och produkter av oss eller n\u00e4r du kontaktar v\u00e5rt f\u00f6retag Scandinavian Cable Service Oy samt i vilket syfte vi kan anv\u00e4nda s\u00e5dana uppgifter. Genom att anv\u00e4nda v\u00e5ra tj\u00e4nster godk\u00e4nner du att dina uppgifter behandlas i enlighet med denna dataskyddsbeskrivning. <\/p>\n<p class=\"p1\">Denna dataskyddsbeskrivning inneh\u00e5ller ocks\u00e5 uppgifter fr\u00e5n registerbeskrivningen enligt 10 \u00a7 och 24 \u00a7 i personuppgiftslagen (523\/1999) och EU:s allm\u00e4nna dataskyddsf\u00f6rordning (GDPR).<\/p>\n<h2 class=\"p1\"><b>REGISTERANSVARIG<\/b><\/h2>\n<p class=\"p1\">Scandinavian Cable Service Oy<br \/>\nFilppulantie 22, FI-27510 Eura, FINLAND;<br \/>\nTel: +358 20 7479 710, Business ID: 1542277-5<br \/>\nContact person for register affairs: Roy Granberg, roy.granberg(at)swg.fi<\/p>\n<h2 class=\"p1\"><b>SYFTET MED BEHANDLING AV PERSONUPPGIFTER<\/b><\/h2>\n<p class=\"p1\">Sk\u00f6ta och underh\u00e5lla kundrelationer i full omfattning, vilket t.ex. kan innefatta att svara p\u00e5 kontaktbeg\u00e4ran, utveckla tj\u00e4nster eller registrera en best\u00e4llning. <\/p>\n<h2 class=\"p1\"><b>REGISTRETS DATAINNEH\u00c5LL<\/b><\/h2>\n<p class=\"p1\">Kontaktuppgifter: F\u00f6retagets namn, personens namn, titel, adressuppgifter, telefonnummer och e-postadresser samt ytterligare uppgifter som kunden l\u00e4mnat.<\/p>\n<h2 class=\"p1\"><b>SKYDD AV REGISTER<\/b><\/h2>\n<p class=\"p1\">Registret skyddas fr\u00e5n att anv\u00e4ndas av utomst\u00e5ende och skyddas med personliga anv\u00e4ndarnamn och l\u00f6senord. Registret anv\u00e4nds av de personer i Scandinavian Cable Service Oy:s personal vars arbetsuppgifter kr\u00e4ver att de anv\u00e4nder registret. Dessa personer omfattas av ett sekretessavtal. Det finns inga manuella register.  <\/p>\n<h2 class=\"p1\"><b>NORMAL \u00d6VERL\u00c5TELSE AV UPPGIFTER<\/b><\/h2>\n<p class=\"p1\">F\u00f6r direktmarknadsf\u00f6ring enligt 19 \u00a7 i personuppgiftslagen.<br \/>Scandinavian Cable Service Oy och bolag som ing\u00e5r i samma koncern (Star Works Group Oy Ab) har r\u00e4tt att anv\u00e4nda uppgifterna i registret f\u00f6r motiverade \u00e4ndam\u00e5l i enlighet med 8 \u00a7 i personuppgiftslagen och annan till\u00e4mplig lagstiftning. <\/p>\n<p class=\"p1\">Vi \u00f6verl\u00e5ter \u00e4ven uppgifter (kundens namn, kontaktperson, telefonnummer, e-postadress och leveransadress):<\/p>\n<ul class=\"ul1\">\n<li class=\"li1\">till transportf\u00f6retag f\u00f6r leverans av best\u00e4llningar<\/li>\n<li class=\"li1\">till huvudm\u00e4n f\u00f6r specialpriss\u00e4ttning, produktf\u00f6rfr\u00e5gning, installation eller leveransinformation.<\/li>\n<\/ul>\n<p class=\"p1\">Ovan n\u00e4mnda personer har f\u00f6rbundit sig att f\u00f6lja kraven i dataskyddsf\u00f6rordningen.<\/p>\n<h2 class=\"p1\"><b>NORMALA DATAK\u00c4LLOR<\/b><\/h2>\n<p class=\"p1\">Kunden \u00f6verl\u00e4mnar normalt sj\u00e4lv kunduppgifterna d\u00e5 kundrelationen uppst\u00e5r och under kundrelationens g\u00e5ng.<\/p>\n<h2 class=\"p1\"><b>COOKIES OCH F\u00d6RETAGETS WEBBSIDA<\/b><\/h2>\n<p class=\"p1\">Vi anv\u00e4nder cookies p\u00e5 v\u00e5r webbsida och i v\u00e5r webbutik. En cookie \u00e4r en liten textfil som webbsidan skickar till anv\u00e4ndarens dator. Cookies anv\u00e4nds ofta f\u00f6r att spara anv\u00e4ndarspecifika inst\u00e4llningar. Uppgifterna kan inte kopplas till personliga uppgifter, de kan inte identifieras och \u00e4r helt anonyma.   <\/p>\n<p class=\"p1\">Du kan avaktivera cookies genom att \u00e4ndra inst\u00e4llningarna i din webbl\u00e4sare. D\u00e5 fungerar dock inte v\u00e5r webbsida optimalt.<\/p>\n<h2 class=\"p1\"><b>\u00d6VERF\u00d6RING AV UPPGIFTER UTANF\u00d6R EU<\/b><\/h2>\n<p class=\"p1\">Om vi lagrar personuppgifter utanf\u00f6r EU eller EES anv\u00e4nder vi tj\u00e4nsteleverant\u00f6rer som \u00e4r Privacy Shield-certifierade och som f\u00f6rbundit sig att f\u00f6lja EU:s dataskyddsf\u00f6rordning. S\u00e5dana tj\u00e4nsteleverant\u00f6rer \u00e4r bl.a. Microsoft och Google. Vi \u00f6verl\u00e5ter normalt inte personuppgifter till tredje parter.  <\/p>\n<h2 class=\"p1\"><b>AUTOMATISERAT BESLUTSFATTANDE OCH PROFILERING<\/b><\/h2>\n<p class=\"p1\">Vi anv\u00e4nder inte uppgifterna f\u00f6r automatiserat beslutsfattande eller profilering.<\/p>\n<h2 class=\"p1\"><b>DEN REGISTRERADES R\u00c4TTIGHETER<\/b><\/h2>\n<p class=\"p1\">Den registrerade har f\u00f6ljande r\u00e4ttigheter; f\u00f6rfr\u00e5gningar r\u00f6rande dessa r\u00e4ttigheter st\u00e4lls till:<\/p>\n<p class=\"p1\">Scandinavian Cable Service Oy<br \/>\nFI-27510 Eura<br \/>\nFINLAND<\/p>\n<p class=\"p1\">Personen som beg\u00e4r ut registrerade uppgifter ska styrka sin identitet i samband med att den skriftliga beg\u00e4ran l\u00e4mnas in.<\/p>\n<p class=\"p1\"><b>R\u00e4tt till insyn<\/b><\/p>\n<p class=\"p1\">Den registrerade har r\u00e4tt till insyn i sina uppgifter i registret.<\/p>\n<p class=\"p1\"><b>R\u00e4tt att beg\u00e4ra r\u00e4ttelse<\/b><\/p>\n<p class=\"p1\">Den registrerade kan beg\u00e4ra r\u00e4ttelse av felaktiga eller bristf\u00e4lliga uppgifter om sig.<\/p>\n<p class=\"p1\"><b>R\u00e4tt att inv\u00e4nda<\/b><\/p>\n<p class=\"p1\">Den registrerade har r\u00e4tt att inv\u00e4nda mot behandlingen av sina personuppgifter om den registrerade anser att uppgifterna behandlats i strid med lagen.<\/p>\n<p class=\"p1\"><b>F\u00f6rbud mot direktmarknadsf\u00f6ring<\/b><\/p>\n<p class=\"p1\">Den registrerade har r\u00e4tt att f\u00f6rbjuda att uppgifterna anv\u00e4nds f\u00f6r direktmarknadsf\u00f6ring.<\/p>\n<p class=\"p1\"><b>R\u00e4tt att radera uppgifterna<\/b><\/p>\n<p class=\"p1\">Den registrerade har r\u00e4tt att beg\u00e4ra att uppgifterna raderas om behandlingen av uppgifter inte \u00e4r n\u00f6dv\u00e4ndig. Vi behandlar beg\u00e4ran, varefter vi antingen raderar uppgifterna eller meddelar ett motiverat sk\u00e4l till varf\u00f6r uppgifterna inte kan raderas. <\/p>\n<p class=\"p1\">Observera att den registeransvariga kan ha lagstadgad eller annan r\u00e4tt att inte radera de beg\u00e4rda uppgifterna. Den registeransvariga \u00e4r skyldig att spara bokf\u00f6ringsmaterial under en i bokf\u00f6ringslagen (2 kap, 10 \u00a7) fastst\u00e4lld tid (10 \u00e5r). D\u00e4rf\u00f6r kan bokf\u00f6ringsrelaterat material inte raderas innan denna tid l\u00f6pt ut.  <\/p>\n<p class=\"p1\"><b>R\u00e4tt att \u00e5terkalla samtycke<\/b><\/p>\n<p class=\"p1\">Om behandlingen av den registrerades personuppgifter endast baseras p\u00e5 samtycke och inte p\u00e5 t.ex. en kundrelation kan den registrerade \u00e5terkalla sitt samtycke. Den registrerade kan l\u00e4mna in ett klagom\u00e5l till dataombudsmannen. Den registrerade har r\u00e4tt att kr\u00e4va att vi begr\u00e4nsar ifr\u00e5gasatt behandling av uppgifter tills \u00e4rendet avg\u00f6rs. Den registrerade har r\u00e4tt att l\u00e4mna in ett klagom\u00e5l till dataombudsmannen om den registrerade anser att vi bryter mot den g\u00e4llande dataskyddsf\u00f6rordningen d\u00e5 vi behandlar personuppgifter   <\/p>\n<p class=\"p1\">Dataombudsmannens kontaktuppgifter: www.tietosuoja.fi\/fi\/index\/yhteystiedot.html<\/p>\n","protected":false},"excerpt":{"rendered":"<p>Dataskyddsbeskrivning I denna dataskyddsbeskrivning f\u00f6rklarar vi vilken typ av personuppgifter vi kan samla in om dig n\u00e4r du best\u00e4ller tj\u00e4nster och produkter av oss eller n\u00e4r du kontaktar v\u00e5rt f\u00f6retag&#8230;<\/p>\n","protected":false},"author":1,"featured_media":0,"parent":0,"menu_order":0,"comment_status":"closed","ping_status":"closed","template":"","meta":{"footnotes":""},"class_list":["post-675","page","type-page","status-publish"],"_links":{"self":[{"href":"https:\/\/scsoy.esikatselu.site\/sv\/wp-json\/wp\/v2\/pages\/675","targetHints":{"allow":["GET"]}}],"collection":[{"href":"https:\/\/scsoy.esikatselu.site\/sv\/wp-json\/wp\/v2\/pages"}],"about":[{"href":"https:\/\/scsoy.esikatselu.site\/sv\/wp-json\/wp\/v2\/types\/page"}],"author":[{"embeddable":true,"href":"https:\/\/scsoy.esikatselu.site\/sv\/wp-json\/wp\/v2\/users\/1"}],"replies":[{"embeddable":true,"href":"https:\/\/scsoy.esikatselu.site\/sv\/wp-json\/wp\/v2\/comments?post=675"}],"version-history":[{"count":0,"href":"https:\/\/scsoy.esikatselu.site\/sv\/wp-json\/wp\/v2\/pages\/675\/revisions"}],"wp:attachment":[{"href":"https:\/\/scsoy.esikatselu.site\/sv\/wp-json\/wp\/v2\/media?parent=675"}],"curies":[{"name":"wp","href":"https:\/\/api.w.org\/{rel}","templated":true}]}}