{"id":662,"date":"2026-02-02T14:54:21","date_gmt":"2026-02-02T14:54:21","guid":{"rendered":"https:\/\/scsoy.esikatselu.site\/tietosuojaseloste\/"},"modified":"2026-02-02T14:54:21","modified_gmt":"2026-02-02T14:54:21","slug":"tietosuojaseloste","status":"publish","type":"page","link":"https:\/\/scsoy.esikatselu.site\/fi\/tietosuojaseloste\/","title":{"rendered":"Tietosuojaseloste"},"content":{"rendered":"<h2 class=\"p1\"><b>Tietosuojaseloste<\/b><\/h2>\n<p class=\"p1\">T\u00e4ss\u00e4 tietosuojaselosteessa kerromme, mink\u00e4laisia henkil\u00f6tietoja voimme ker\u00e4t\u00e4 sinusta tilatessasi palveluitamme ja tuotteitamme tai ottaessa yhteytt\u00e4 yritykseemme Scandinavian Cable Service Oy, sek\u00e4 mihin tarkoituksiin voimme t\u00e4llaisia tietoja k\u00e4ytt\u00e4\u00e4. K\u00e4ytt\u00e4m\u00e4ll\u00e4 palvelujamme, hyv\u00e4ksyt tietojesi k\u00e4sittelyn t\u00e4m\u00e4n tietosuojaselosteen mukaisesti.<\/p>\n<p class=\"p1\">T\u00e4m\u00e4 tietosuojaseloste sis\u00e4lt\u00e4\u00e4 my\u00f6s henkil\u00f6tietolain (523\/1999) 10\u00a7:n ja 24\u00a7:n ja EU:n yleisen (GDPR) tietosuoja-asetuksen mukaisen rekisteriselosteen tiedot.<\/p>\n<h2 class=\"p1\"><b>REKISTERIN PIT\u00c4J\u00c4<\/b><\/h2>\n<p class=\"p1\">Scandinavian Cable Service Oy<br \/>\nFilppulantie 22, FI-27510 Eura, FINLAND;<br \/>\nTel: +358 20 7479 710, Business ID: 1542277-5<br \/>\nContact person for register affairs: Roy Granberg, roy.granberg(at)swg.fi<\/p>\n<h2 class=\"p1\"><b>HENKIL\u00d6TIETOJEN K\u00c4SITTELYN TARKOITUS<\/b><\/h2>\n<p class=\"p1\">Asiakassuhteen hoito ja yll\u00e4pito, t\u00e4m\u00e4 voi tarkoittaa esimerkiksi yhteydenottopyynt\u00f6\u00f6n vastaaminen, palvelujen kehitt\u00e4minen tai tilauksen kirjaaminen. <\/p>\n<h2 class=\"p1\"><b>REKISTERIN TIETOSIS\u00c4LT\u00d6<\/b><\/h2>\n<p class=\"p1\">Yhteystiedot: Yrityksen nimi, henkil\u00f6n nimi, titteli, osoitetiedot, puhelinnumerot ja s\u00e4hk\u00f6postiosoitteet sek\u00e4 asiakkaan antamat lis\u00e4tiedot.<\/p>\n<h2 class=\"p1\"><b>REKISTERIN SUOJAUS<\/b><\/h2>\n<p class=\"p1\">Rekisteri on suojattu ulkopuolisten k\u00e4yt\u00f6lt\u00e4, sek\u00e4 suojattu henkil\u00f6kohtaisin k\u00e4ytt\u00e4j\u00e4tunnuksin ja salasanoin. Rekisteri\u00e4 k\u00e4ytt\u00e4\u00e4 Scandinavian Cable Service Oy:n henkil\u00f6st\u00f6st\u00e4 ne henkil\u00f6t joiden ty\u00f6teht\u00e4v\u00e4t edellytt\u00e4v\u00e4t rekisterin k\u00e4ytt\u00f6\u00e4 ja heit\u00e4 koskee salassapitosopimus. Manuaalisia rekistereit\u00e4 ei ole.  <\/p>\n<h2 class=\"p1\"><b>TIETOJEN S\u00c4\u00c4NN\u00d6NMUKAINEN LUOVUTUS<\/b><\/h2>\n<p class=\"p1\">Suoramarkkinointi tarkoituksiin henkil\u00f6lain 19\u00a7 mukaisesti.<br \/>Scandinavian Cable Service Oy:lla ja yrityksen kanssa samaan konserniin (Star Works Group Oy Ab) kuuluvilla yhti\u00f6ill\u00e4 on oikeus k\u00e4ytt\u00e4\u00e4 rekisteriss\u00e4 olevia tietoja perusteltua k\u00e4ytt\u00f6tarkoitusta varten henkil\u00f6lain 8\u00a7 ja muun soveltuvan lains\u00e4\u00e4d\u00e4nn\u00f6n mukaisesti. <\/p>\n<p class=\"p1\">Lis\u00e4ksi luovutamme tietoja (asiakkaan nimi, yhteyshenkil\u00f6, puhelinnumero, s\u00e4hk\u00f6postiosoite ja toimitusosoite):<\/p>\n<ul class=\"ul1\">\n<li class=\"li1\">kuljetusliikkeille tilausten toimitusta varten<\/li>\n<li class=\"li1\">p\u00e4\u00e4miehille erikoishinnoittelua, tuotekysely\u00e4, asennusta tai toimitustietoa varten<\/li>\n<\/ul>\n<p class=\"p1\">Edell\u00e4 mainitut ovat sitoutuneet noudattamaan tietosuoja-asetusten vaatimuksia.<\/p>\n<h2 class=\"p1\"><b>S\u00c4\u00c4NN\u00d6NMUKAISET TIETOL\u00c4HTEET<\/b><\/h2>\n<p class=\"p1\">Asiakastiedot saadaan s\u00e4\u00e4nn\u00f6nmukaisesti asiakkaalta itselt\u00e4\u00e4n asiakassuhteen syntyess\u00e4 ja sen aikana.<\/p>\n<h2 class=\"p1\"><b>EV\u00c4STEET JA YRITYKSEMME KOTISIVUT<\/b><\/h2>\n<p class=\"p1\">K\u00e4yt\u00e4mme yrityksemme kotisivuilla sek\u00e4 verkkokaupassa ev\u00e4steit\u00e4. Ev\u00e4ste on pieni tekstimuotoinen tiedosto, jonka Internet-sivusto l\u00e4hett\u00e4\u00e4 k\u00e4ytt\u00e4j\u00e4n tietokoneelle. Ev\u00e4steit\u00e4 k\u00e4ytet\u00e4\u00e4n yleens\u00e4 k\u00e4ytt\u00e4j\u00e4kohtaisten asetusten tallentamiseen   <\/p>\n<p class=\"p1\">Tietoja ei voi yhdist\u00e4\u00e4 henkil\u00f6kohtaisiin tietoihin ja niit\u00e4 ei voi identifioida ja ovat t\u00e4ysin anonyymej\u00e4. Voit v\u00e4ltt\u00e4\u00e4 ev\u00e4steet muokkaamalla selainohjelmasi asetuksia ja kielt\u00e4m\u00e4ll\u00e4 niiden k\u00e4yt\u00f6n -t\u00e4ll\u00f6in sivustomme eiv\u00e4t toimi t\u00e4ysin oikein.<\/p>\n<h2 class=\"p1\"><b>TIETOJEN SIIRTO EU:N ULKOPUOLELLE<\/b><\/h2>\n<p class=\"p1\">Mik\u00e4li s\u00e4il\u00f6mme henkil\u00f6tietoja EU:n tai Euroopan talousalueen ulkopuolelle, k\u00e4yt\u00e4mme palveluntarjoajia jotka ovat Privacy Shield sertifioituja ja sitoutuneet noudattamaan EU-tietosuoja-asetusta. T\u00e4llaisia palveluntarjoajia ovat mm Microsoft ja Google.<br \/>Emme luovuta henkil\u00f6tietoja s\u00e4\u00e4nn\u00f6nmukaisesti k\u00e4ytett\u00e4v\u00e4ksi kolmansille osapuolille.  <\/p>\n<h2 class=\"p1\"><b>AUTOMAATTINEN P\u00c4\u00c4T\u00d6KSENTEKO JA PROFILOINTI<\/b><\/h2>\n<p class=\"p1\">Emme k\u00e4yt\u00e4 tietoja automaattiseen p\u00e4\u00e4t\u00f6ksentekoon tai profilointiin.<\/p>\n<h2 class=\"p1\"><b>REKISTER\u00d6IDYN OIKEUDET<\/b><\/h2>\n<p class=\"p1\">Rekister\u00f6idyll\u00e4 on seuraavat oikeudet, joiden k\u00e4ytt\u00e4mist\u00e4 koskevat pyynn\u00f6t tulee tehd\u00e4 osoitteeseen:<\/p>\n<p class=\"p1\">Scandinavian Cable Service Oy<br \/>\nFI-27510 Eura<br \/>\nFINLAND<\/p>\n<p class=\"p1\">Rekister\u00f6ityjen tietojen pyyt\u00e4j\u00e4n tulee todistaa henkil\u00f6llisyytens\u00e4 kirjallisen pyynn\u00f6n j\u00e4tt\u00e4misen yhteydess\u00e4.<\/p>\n<p class=\"p1\"><b>Tarkastusoikeus<\/b><\/p>\n<p class=\"p1\">Rekister\u00f6ity voi tarkistaa tallentamamme henkil\u00f6tiedot.<\/p>\n<p class=\"p1\"><b>Oikeus tietojen oikaisemiseen<\/b><\/p>\n<p class=\"p1\">Rekister\u00f6ity voi pyyt\u00e4\u00e4 oikaisemaan h\u00e4nt\u00e4 koskevat virheelliset tai puutteelliset tiedot.<\/p>\n<p class=\"p1\"><b>Vastustamisoikeus<\/b><\/p>\n<p class=\"p1\">Rekister\u00f6ity voi vastustaa henkil\u00f6tietojen k\u00e4sittely\u00e4, mik\u00e4li kokee, ett\u00e4 henkil\u00f6tietoja on k\u00e4sitelty lainvastaisesti.<\/p>\n<p class=\"p1\"><b>Suoramarkkinointikielto<\/b><\/p>\n<p class=\"p1\">Rekister\u00f6idyll\u00e4 on oikeus kielt\u00e4\u00e4 tietojen k\u00e4ytt\u00e4minen suoramarkkinointiin.<\/p>\n<p class=\"p1\"><b>Poisto-oikeus<\/b><\/p>\n<p class=\"p1\">Rekister\u00f6idyll\u00e4 on oikeus pyyt\u00e4\u00e4 tietojen poistamista, jos tietojen k\u00e4sittely ei ole tarpeen. K\u00e4sittelemme poistopyynn\u00f6n, jonka j\u00e4lkeen joko poistamme tiedon tai ilmoitamme perustellun syyn, miksi tietoja ei voida poistaa. <\/p>\n<p class=\"p1\">On huomioitavaa, ett\u00e4 rekisterinpit\u00e4j\u00e4ll\u00e4 voi olla lakis\u00e4\u00e4teinen tai muu oikeus olla poistamatta pyydetty\u00e4 tietoa. Rekisterinpit\u00e4j\u00e4ll\u00e4 on velvollisuus s\u00e4ilytt\u00e4\u00e4 kirjanpitoaineisto Kirjanpitolaissa (luku 2, 10\u00a7) m\u00e4\u00e4ritellyn ajan (10 vuotta) mukaisesti. T\u00e4m\u00e4n vuoksi kirjanpitoon liittyv\u00e4\u00e4 aineistoa ei voida poistaa ennen m\u00e4\u00e4r\u00e4ajan umpeutumista.  <\/p>\n<p class=\"p1\"><b>Suostumuksen peruuttaminen<\/b><\/p>\n<p class=\"p1\">Jos rekister\u00f6ity\u00e4 koskeva henkil\u00f6tietojen k\u00e4sittely perustuu ainoastaan suostumukseen, eik\u00e4 esim. asiakkuuteen, voi rekister\u00f6ity peruuttaa suostumuksensa. Rekister\u00f6ity voi valittaa p\u00e4\u00e4t\u00f6ksest\u00e4 tietosuojavaltuutetulle. Rekister\u00f6idyll\u00e4 on oikeus vaatia, ett\u00e4 rajoitamme kiistanalaista tietojen k\u00e4sittely\u00e4 siksi aikaa, kunnes asia saadaan ratkaistua. Rekister\u00f6idyll\u00e4 on oikeus tehd\u00e4 valitus tietosuojavaltuutetulle, jos h\u00e4n kokee, ett\u00e4 rikomme henkil\u00f6tietoja k\u00e4sitelless\u00e4mme voimassa olevaa tietosuojalains\u00e4\u00e4d\u00e4nt\u00f6\u00e4.   <\/p>\n<p class=\"p1\">Tietosuojavaltuutetun yhteystiedot: www.tietosuoja.fi\/fi\/index\/yhteystiedot.html<\/p>\n","protected":false},"excerpt":{"rendered":"<p>Tietosuojaseloste T\u00e4ss\u00e4 tietosuojaselosteessa kerromme, mink\u00e4laisia henkil\u00f6tietoja voimme ker\u00e4t\u00e4 sinusta tilatessasi palveluitamme ja tuotteitamme tai ottaessa yhteytt\u00e4 yritykseemme Scandinavian Cable Service Oy, sek\u00e4 mihin tarkoituksiin voimme t\u00e4llaisia tietoja k\u00e4ytt\u00e4\u00e4. K\u00e4ytt\u00e4m\u00e4ll\u00e4 palvelujamme,&#8230;<\/p>\n","protected":false},"author":1,"featured_media":0,"parent":0,"menu_order":0,"comment_status":"closed","ping_status":"closed","template":"","meta":{"footnotes":""},"class_list":["post-662","page","type-page","status-publish"],"_links":{"self":[{"href":"https:\/\/scsoy.esikatselu.site\/fi\/wp-json\/wp\/v2\/pages\/662","targetHints":{"allow":["GET"]}}],"collection":[{"href":"https:\/\/scsoy.esikatselu.site\/fi\/wp-json\/wp\/v2\/pages"}],"about":[{"href":"https:\/\/scsoy.esikatselu.site\/fi\/wp-json\/wp\/v2\/types\/page"}],"author":[{"embeddable":true,"href":"https:\/\/scsoy.esikatselu.site\/fi\/wp-json\/wp\/v2\/users\/1"}],"replies":[{"embeddable":true,"href":"https:\/\/scsoy.esikatselu.site\/fi\/wp-json\/wp\/v2\/comments?post=662"}],"version-history":[{"count":0,"href":"https:\/\/scsoy.esikatselu.site\/fi\/wp-json\/wp\/v2\/pages\/662\/revisions"}],"wp:attachment":[{"href":"https:\/\/scsoy.esikatselu.site\/fi\/wp-json\/wp\/v2\/media?parent=662"}],"curies":[{"name":"wp","href":"https:\/\/api.w.org\/{rel}","templated":true}]}}